{"id":2978,"date":"2020-11-05T14:45:40","date_gmt":"2020-11-05T14:45:40","guid":{"rendered":"https:\/\/mamadevelop.env.ennismore.com\/belgrade\/krovna-terasa\/"},"modified":"2025-11-21T14:53:29","modified_gmt":"2025-11-21T14:53:29","slug":"krovna-terasa","status":"publish","type":"page","link":"https:\/\/sr.mamadevelop.env.ennismore.com\/belgrade\/jedi-pij\/krovna-terasa\/","title":{"rendered":"Kovna terasa"},"content":{"rendered":"","protected":false},"excerpt":{"rendered":"","protected":false},"author":7,"featured_media":0,"parent":3005,"menu_order":0,"comment_status":"closed","ping_status":"closed","template":"","meta":{"footnotes":""},"class_list":["post-2978","page","type-page","status-publish","hentry"],"acf":[],"yoast_head":"<!-- This site is optimized with the Yoast SEO plugin v20.13 - https:\/\/yoast.com\/wordpress\/plugins\/seo\/ -->\n<title>Kovna terasa: Rooftop restoran sa posebnim pogledom Belgrade | Mama Shelter<\/title>\n<meta name=\"description\" content=\"U\u017eivaj u najlep\u0161em zalasku sunca u Belgrade na Mama Shelter krovnoj terasi \u2013 savr\u0161eno mesto za ve\u010deru i pi\u0107e. Na\u0161e nasmejano osoblje te \u010deka.\" \/>\n<meta name=\"robots\" content=\"index, follow, max-snippet:-1, max-image-preview:large, max-video-preview:-1\" \/>\n<link rel=\"canonical\" href=\"https:\/\/sr.mamadevelop.env.ennismore.com\/belgrade\/jedi-pij\/krovna-terasa\/\" \/>\n<meta property=\"og:locale\" content=\"sr_RS\" \/>\n<meta property=\"og:type\" content=\"article\" \/>\n<meta property=\"og:title\" content=\"Kovna terasa: Rooftop restoran sa posebnim pogledom Belgrade | Mama Shelter\" \/>\n<meta property=\"og:description\" content=\"U\u017eivaj u najlep\u0161em zalasku sunca u Belgrade na Mama Shelter krovnoj terasi \u2013 savr\u0161eno mesto za ve\u010deru i pi\u0107e. Na\u0161e nasmejano osoblje te \u010deka.\" \/>\n<meta property=\"og:url\" content=\"https:\/\/sr.mamadevelop.env.ennismore.com\/belgrade\/jedi-pij\/krovna-terasa\/\" \/>\n<meta property=\"og:site_name\" content=\"Belgrade\" \/>\n<meta property=\"article:modified_time\" content=\"2025-11-21T14:53:29+00:00\" \/>\n<meta name=\"twitter:card\" content=\"summary_large_image\" \/>\n<script type=\"application\/ld+json\" class=\"yoast-schema-graph\">{\"@context\":\"https:\/\/schema.org\",\"@graph\":[{\"@type\":\"WebPage\",\"@id\":\"https:\/\/sr.mamadevelop.env.ennismore.com\/belgrade\/jedi-pij\/krovna-terasa\/\",\"url\":\"https:\/\/sr.mamadevelop.env.ennismore.com\/belgrade\/jedi-pij\/krovna-terasa\/\",\"name\":\"Kovna terasa: Rooftop restoran sa posebnim pogledom Belgrade | Mama Shelter\",\"isPartOf\":{\"@id\":\"https:\/\/sr.mamadevelop.env.ennismore.com\/belgrade\/#website\"},\"datePublished\":\"2020-11-05T14:45:40+00:00\",\"dateModified\":\"2025-11-21T14:53:29+00:00\",\"description\":\"U\u017eivaj u najlep\u0161em zalasku sunca u Belgrade na Mama Shelter krovnoj terasi \u2013 savr\u0161eno mesto za ve\u010deru i pi\u0107e. Na\u0161e nasmejano osoblje te \u010deka.\",\"breadcrumb\":{\"@id\":\"https:\/\/sr.mamadevelop.env.ennismore.com\/belgrade\/jedi-pij\/krovna-terasa\/#breadcrumb\"},\"inLanguage\":\"sr-RS\",\"potentialAction\":[{\"@type\":\"ReadAction\",\"target\":[\"https:\/\/sr.mamadevelop.env.ennismore.com\/belgrade\/jedi-pij\/krovna-terasa\/\"]}]},{\"@type\":\"BreadcrumbList\",\"@id\":\"https:\/\/sr.mamadevelop.env.ennismore.com\/belgrade\/jedi-pij\/krovna-terasa\/#breadcrumb\",\"itemListElement\":[{\"@type\":\"ListItem\",\"position\":1,\"name\":\"Home\",\"item\":\"https:\/\/sr.mamadevelop.env.ennismore.com\/belgrade\/\"},{\"@type\":\"ListItem\",\"position\":2,\"name\":\"Jelo &#038; Pi\u0107e\",\"item\":\"https:\/\/sr.mamadevelop.env.ennismore.com\/belgrade\/eat-drink\/\"},{\"@type\":\"ListItem\",\"position\":3,\"name\":\"Kovna terasa\"}]},{\"@type\":\"WebSite\",\"@id\":\"https:\/\/sr.mamadevelop.env.ennismore.com\/belgrade\/#website\",\"url\":\"https:\/\/sr.mamadevelop.env.ennismore.com\/belgrade\/\",\"name\":\"Belgrade\",\"description\":\"Mama Shelter\",\"potentialAction\":[{\"@type\":\"SearchAction\",\"target\":{\"@type\":\"EntryPoint\",\"urlTemplate\":\"https:\/\/sr.mamadevelop.env.ennismore.com\/belgrade\/?s={search_term_string}\"},\"query-input\":\"required name=search_term_string\"}],\"inLanguage\":\"sr-RS\"}]}<\/script>\n<!-- \/ Yoast SEO plugin. -->","yoast_head_json":{"title":"Kovna terasa: Rooftop restoran sa posebnim pogledom Belgrade | Mama Shelter","description":"U\u017eivaj u najlep\u0161em zalasku sunca u Belgrade na Mama Shelter krovnoj terasi \u2013 savr\u0161eno mesto za ve\u010deru i pi\u0107e. Na\u0161e nasmejano osoblje te \u010deka.","robots":{"index":"index","follow":"follow","max-snippet":"max-snippet:-1","max-image-preview":"max-image-preview:large","max-video-preview":"max-video-preview:-1"},"canonical":"https:\/\/sr.mamadevelop.env.ennismore.com\/belgrade\/jedi-pij\/krovna-terasa\/","og_locale":"sr_RS","og_type":"article","og_title":"Kovna terasa: Rooftop restoran sa posebnim pogledom Belgrade | Mama Shelter","og_description":"U\u017eivaj u najlep\u0161em zalasku sunca u Belgrade na Mama Shelter krovnoj terasi \u2013 savr\u0161eno mesto za ve\u010deru i pi\u0107e. Na\u0161e nasmejano osoblje te \u010deka.","og_url":"https:\/\/sr.mamadevelop.env.ennismore.com\/belgrade\/jedi-pij\/krovna-terasa\/","og_site_name":"Belgrade","article_modified_time":"2025-11-21T14:53:29+00:00","twitter_card":"summary_large_image","schema":{"@context":"https:\/\/schema.org","@graph":[{"@type":"WebPage","@id":"https:\/\/sr.mamadevelop.env.ennismore.com\/belgrade\/jedi-pij\/krovna-terasa\/","url":"https:\/\/sr.mamadevelop.env.ennismore.com\/belgrade\/jedi-pij\/krovna-terasa\/","name":"Kovna terasa: Rooftop restoran sa posebnim pogledom Belgrade | Mama Shelter","isPartOf":{"@id":"https:\/\/sr.mamadevelop.env.ennismore.com\/belgrade\/#website"},"datePublished":"2020-11-05T14:45:40+00:00","dateModified":"2025-11-21T14:53:29+00:00","description":"U\u017eivaj u najlep\u0161em zalasku sunca u Belgrade na Mama Shelter krovnoj terasi \u2013 savr\u0161eno mesto za ve\u010deru i pi\u0107e. Na\u0161e nasmejano osoblje te \u010deka.","breadcrumb":{"@id":"https:\/\/sr.mamadevelop.env.ennismore.com\/belgrade\/jedi-pij\/krovna-terasa\/#breadcrumb"},"inLanguage":"sr-RS","potentialAction":[{"@type":"ReadAction","target":["https:\/\/sr.mamadevelop.env.ennismore.com\/belgrade\/jedi-pij\/krovna-terasa\/"]}]},{"@type":"BreadcrumbList","@id":"https:\/\/sr.mamadevelop.env.ennismore.com\/belgrade\/jedi-pij\/krovna-terasa\/#breadcrumb","itemListElement":[{"@type":"ListItem","position":1,"name":"Home","item":"https:\/\/sr.mamadevelop.env.ennismore.com\/belgrade\/"},{"@type":"ListItem","position":2,"name":"Jelo &#038; Pi\u0107e","item":"https:\/\/sr.mamadevelop.env.ennismore.com\/belgrade\/eat-drink\/"},{"@type":"ListItem","position":3,"name":"Kovna terasa"}]},{"@type":"WebSite","@id":"https:\/\/sr.mamadevelop.env.ennismore.com\/belgrade\/#website","url":"https:\/\/sr.mamadevelop.env.ennismore.com\/belgrade\/","name":"Belgrade","description":"Mama Shelter","potentialAction":[{"@type":"SearchAction","target":{"@type":"EntryPoint","urlTemplate":"https:\/\/sr.mamadevelop.env.ennismore.com\/belgrade\/?s={search_term_string}"},"query-input":"required name=search_term_string"}],"inLanguage":"sr-RS"}]}},"_links":{"self":[{"href":"https:\/\/sr.mamadevelop.env.ennismore.com\/belgrade\/wp-json\/wp\/v2\/pages\/2978","targetHints":{"allow":["GET"]}}],"collection":[{"href":"https:\/\/sr.mamadevelop.env.ennismore.com\/belgrade\/wp-json\/wp\/v2\/pages"}],"about":[{"href":"https:\/\/sr.mamadevelop.env.ennismore.com\/belgrade\/wp-json\/wp\/v2\/types\/page"}],"author":[{"embeddable":true,"href":"https:\/\/sr.mamadevelop.env.ennismore.com\/belgrade\/wp-json\/wp\/v2\/users\/7"}],"replies":[{"embeddable":true,"href":"https:\/\/sr.mamadevelop.env.ennismore.com\/belgrade\/wp-json\/wp\/v2\/comments?post=2978"}],"version-history":[{"count":2,"href":"https:\/\/sr.mamadevelop.env.ennismore.com\/belgrade\/wp-json\/wp\/v2\/pages\/2978\/revisions"}],"predecessor-version":[{"id":6575,"href":"https:\/\/sr.mamadevelop.env.ennismore.com\/belgrade\/wp-json\/wp\/v2\/pages\/2978\/revisions\/6575"}],"up":[{"embeddable":true,"href":"https:\/\/sr.mamadevelop.env.ennismore.com\/belgrade\/wp-json\/wp\/v2\/pages\/3005"}],"wp:attachment":[{"href":"https:\/\/sr.mamadevelop.env.ennismore.com\/belgrade\/wp-json\/wp\/v2\/media?parent=2978"}],"curies":[{"name":"wp","href":"https:\/\/api.w.org\/{rel}","templated":true}]}}